{"id":8393,"date":"2023-08-24T11:51:23","date_gmt":"2023-08-24T16:51:23","guid":{"rendered":"https:\/\/gadgeneralfarfan.gob.ec\/?page_id=8393"},"modified":"2026-01-05T14:22:16","modified_gmt":"2026-01-05T19:22:16","slug":"escrituras-publicas","status":"publish","type":"page","link":"https:\/\/gadgeneralfarfan.gob.ec\/?page_id=8393","title":{"rendered":"Escrituras publicas."},"content":{"rendered":"\n<ul class=\"wp-block-list\">\n<li><a href=\"https:\/\/drive.google.com\/file\/d\/1MHq2XyIAODfGxwcNk4jydRPj7WtZJ0s_\/view?usp=sharing\" data-type=\"link\" data-id=\"https:\/\/drive.google.com\/file\/d\/1MHq2XyIAODfGxwcNk4jydRPj7WtZJ0s_\/view?usp=sharing\">ESCRITURA P\u00daBLICA DEL \u00c1REA COMUNAL UNI\u00d3N BALZARE\u00d1A A NOMBRE DEL GADPR-GENERAL FARF\u00c1N<\/a><\/li>\n\n\n\n<li><a href=\"https:\/\/drive.google.com\/file\/d\/1-_O6Ori8wXVGZvSeGnV9Q_KTr5hNOi7O\/view?usp=sharing\">ESCRITURA P\u00daBLICA DE CONTRATO DE COMODATO DE CINCO DESGRANADORAS DE MA\u00cdZ A NOMBRE DEL GADPR-GENERAL FARF\u00c1N<\/a><\/li>\n\n\n\n<li><a href=\"https:\/\/drive.google.com\/file\/d\/1FopPPFkrZAUYbA4qdhj1HAPJgQubvpv7\/view?usp=sharing\">COMODATO DE TERRENO EN LA JUNTA ADMINISTRADORA DE AGUA POTABLE Y ALCANTARILLADO REGIONAL DE MONTERREY, CINCO DE AGOSTO, UNI\u00d3N LOJANA Y PUERTO CAMACHO, DE LA PARROQUIA GENERAL FARF\u00c1N, CANT\u00d3N LAGO AGRIO, PROVINCIA DE SUCUMBIOS. <\/a><\/li>\n\n\n\n<li><a href=\"https:\/\/drive.google.com\/file\/d\/1PtEY6uzAVY4uadvkv4je1vgj56gQ0aZe\/view?usp=sharing\">ESCRITURA P\u00daBLICA DE UNIFICACI\u00d3N DE PREDIOS DE LA CANCHA DEL BARRIO PARAISO A NOMBRE DEL GADPR-GENERAL FARF\u00c1N<\/a><\/li>\n<\/ul>\n","protected":false},"excerpt":{"rendered":"","protected":false},"author":1,"featured_media":0,"parent":0,"menu_order":0,"comment_status":"closed","ping_status":"closed","template":"","meta":{"footnotes":""},"class_list":["post-8393","page","type-page","status-publish","hentry"],"jetpack_sharing_enabled":true,"jetpack_shortlink":"https:\/\/wp.me\/P5D1M3-2bn","_links":{"self":[{"href":"https:\/\/gadgeneralfarfan.gob.ec\/index.php?rest_route=\/wp\/v2\/pages\/8393","targetHints":{"allow":["GET"]}}],"collection":[{"href":"https:\/\/gadgeneralfarfan.gob.ec\/index.php?rest_route=\/wp\/v2\/pages"}],"about":[{"href":"https:\/\/gadgeneralfarfan.gob.ec\/index.php?rest_route=\/wp\/v2\/types\/page"}],"author":[{"embeddable":true,"href":"https:\/\/gadgeneralfarfan.gob.ec\/index.php?rest_route=\/wp\/v2\/users\/1"}],"replies":[{"embeddable":true,"href":"https:\/\/gadgeneralfarfan.gob.ec\/index.php?rest_route=%2Fwp%2Fv2%2Fcomments&post=8393"}],"version-history":[{"count":6,"href":"https:\/\/gadgeneralfarfan.gob.ec\/index.php?rest_route=\/wp\/v2\/pages\/8393\/revisions"}],"predecessor-version":[{"id":11747,"href":"https:\/\/gadgeneralfarfan.gob.ec\/index.php?rest_route=\/wp\/v2\/pages\/8393\/revisions\/11747"}],"wp:attachment":[{"href":"https:\/\/gadgeneralfarfan.gob.ec\/index.php?rest_route=%2Fwp%2Fv2%2Fmedia&parent=8393"}],"curies":[{"name":"wp","href":"https:\/\/api.w.org\/{rel}","templated":true}]}}