{"id":72,"date":"2015-01-18T15:23:20","date_gmt":"2015-01-18T20:23:20","guid":{"rendered":"http:\/\/gadgeneralfarfan.gob.ec\/?page_id=72"},"modified":"2024-04-09T11:11:52","modified_gmt":"2024-04-09T16:11:52","slug":"politicas","status":"publish","type":"page","link":"https:\/\/gadgeneralfarfan.gob.ec\/?page_id=72","title":{"rendered":"Pol\u00edticas"},"content":{"rendered":"\n<p>Se adoptaran las siguientes pol\u00edticas de trabajo:<\/p>\n\n\n\n<div class=\"wp-block-group is-vertical is-layout-flex wp-container-core-group-is-layout-8cf370e7 wp-block-group-is-layout-flex\">\n<div class=\"wp-block-group is-vertical is-layout-flex wp-container-core-group-is-layout-8cf370e7 wp-block-group-is-layout-flex\">\n<ul class=\"wp-block-list\">\n<li><strong>Pol\u00edtica 1.1. <\/strong>Fomentar un modelo de desarrollo productivo basado en el uso sostenible de los recursos naturales de la parroquia, basados en medidas de adaptaci\u00f3n y mitigaci\u00f3n a los efectos del cambio clim\u00e1tico.<\/li>\n<\/ul>\n\n\n\n<ul class=\"wp-block-list\">\n<li><strong>Pol\u00edtica 2.1. <\/strong>Fomentar pol\u00edticas p\u00fablicas de desarrollo social con enfoque de solidaridad y equidad.<\/li>\n<\/ul>\n\n\n\n<ul class=\"wp-block-list\">\n<li><strong>Pol\u00edtica 3.1. <\/strong>Promover la participaci\u00f3n efectiva de hombres y mujeres en la gesti\u00f3n y desarrollo de actividades de producci\u00f3n agropecuaria, conservaci\u00f3n y restauraci\u00f3n de espacios.<\/li>\n<\/ul>\n\n\n\n<ul class=\"wp-block-list\">\n<li><strong>Pol\u00edtica 4.1. <\/strong>Promover el trabajo colaborativo entre prefectura, gobierno parroquial y comunidades para el mantenimiento vial.<\/li>\n<\/ul>\n\n\n\n<ul class=\"wp-block-list\">\n<li><strong>Pol\u00edtica 5.1. <\/strong>Elevar la calidad de vida de los habitantes, mediante la ampliaci\u00f3n, fortalecimiento y articular acciones de coordinaci\u00f3n y concertaci\u00f3n interinstitucionales enfocadas a la dotaci\u00f3n de infraestructura y servicios b\u00e1sicos.<\/li>\n<\/ul>\n\n\n\n<ul class=\"wp-block-list\">\n<li><strong>Pol\u00edtica 6.1. <\/strong>Lograr procesos administrativos, de gesti\u00f3n y participaci\u00f3n ciudadana eficientes dentro del gobierno parroquial<\/li>\n<\/ul>\n<\/div>\n<\/div>\n\n\n\n<figure class=\"wp-block-image size-large\"><img loading=\"lazy\" decoding=\"async\" width=\"901\" height=\"507\" src=\"https:\/\/gadgeneralfarfan.gob.ec\/wp-content\/uploads\/2024\/03\/398909123_174477949060252_3257599197661349230_n-901x507.jpg\" alt=\"\" class=\"wp-image-8946\" srcset=\"https:\/\/gadgeneralfarfan.gob.ec\/wp-content\/uploads\/2024\/03\/398909123_174477949060252_3257599197661349230_n-901x507.jpg 901w, https:\/\/gadgeneralfarfan.gob.ec\/wp-content\/uploads\/2024\/03\/398909123_174477949060252_3257599197661349230_n-600x338.jpg 600w, https:\/\/gadgeneralfarfan.gob.ec\/wp-content\/uploads\/2024\/03\/398909123_174477949060252_3257599197661349230_n-300x169.jpg 300w, https:\/\/gadgeneralfarfan.gob.ec\/wp-content\/uploads\/2024\/03\/398909123_174477949060252_3257599197661349230_n-768x432.jpg 768w, https:\/\/gadgeneralfarfan.gob.ec\/wp-content\/uploads\/2024\/03\/398909123_174477949060252_3257599197661349230_n-1536x864.jpg 1536w, https:\/\/gadgeneralfarfan.gob.ec\/wp-content\/uploads\/2024\/03\/398909123_174477949060252_3257599197661349230_n.jpg 1920w\" sizes=\"auto, (max-width: 901px) 100vw, 901px\" \/><\/figure>\n","protected":false},"excerpt":{"rendered":"<p>Se adoptaran las siguientes pol\u00edticas de trabajo:<\/p>\n","protected":false},"author":1,"featured_media":0,"parent":66,"menu_order":8,"comment_status":"closed","ping_status":"closed","template":"","meta":{"footnotes":""},"class_list":["post-72","page","type-page","status-publish","hentry"],"jetpack_sharing_enabled":true,"jetpack_shortlink":"https:\/\/wp.me\/P5D1M3-1a","_links":{"self":[{"href":"https:\/\/gadgeneralfarfan.gob.ec\/index.php?rest_route=\/wp\/v2\/pages\/72","targetHints":{"allow":["GET"]}}],"collection":[{"href":"https:\/\/gadgeneralfarfan.gob.ec\/index.php?rest_route=\/wp\/v2\/pages"}],"about":[{"href":"https:\/\/gadgeneralfarfan.gob.ec\/index.php?rest_route=\/wp\/v2\/types\/page"}],"author":[{"embeddable":true,"href":"https:\/\/gadgeneralfarfan.gob.ec\/index.php?rest_route=\/wp\/v2\/users\/1"}],"replies":[{"embeddable":true,"href":"https:\/\/gadgeneralfarfan.gob.ec\/index.php?rest_route=%2Fwp%2Fv2%2Fcomments&post=72"}],"version-history":[{"count":6,"href":"https:\/\/gadgeneralfarfan.gob.ec\/index.php?rest_route=\/wp\/v2\/pages\/72\/revisions"}],"predecessor-version":[{"id":10279,"href":"https:\/\/gadgeneralfarfan.gob.ec\/index.php?rest_route=\/wp\/v2\/pages\/72\/revisions\/10279"}],"up":[{"embeddable":true,"href":"https:\/\/gadgeneralfarfan.gob.ec\/index.php?rest_route=\/wp\/v2\/pages\/66"}],"wp:attachment":[{"href":"https:\/\/gadgeneralfarfan.gob.ec\/index.php?rest_route=%2Fwp%2Fv2%2Fmedia&parent=72"}],"curies":[{"name":"wp","href":"https:\/\/api.w.org\/{rel}","templated":true}]}}