{"id":11743,"date":"2026-01-05T14:11:24","date_gmt":"2026-01-05T19:11:24","guid":{"rendered":"https:\/\/gadgeneralfarfan.gob.ec\/?page_id=11743"},"modified":"2026-04-08T15:06:30","modified_gmt":"2026-04-08T20:06:30","slug":"informes-mensuales-del-personal-legislativo-tecnico-y-operativo-de-la-gestion-2026","status":"publish","type":"page","link":"https:\/\/gadgeneralfarfan.gob.ec\/?page_id=11743","title":{"rendered":"INFORMES MENSUALES DEL PERSONAL LEGISLATIVO, T\u00c9CNICO Y OPERATIVO DE LA GESTI\u00d3N 2026"},"content":{"rendered":"\n<p>ra. Silvia Johanna Puchaicela Garc\u00eda \u2013&nbsp;<strong>VOCAL DE PRODUCTIVIDAD, VIALIDAD Y COOPERACI\u00d3N INTERNACIONAL DEL GADPR-GF.<\/strong><\/p>\n\n\n\n<ul class=\"wp-block-list\">\n<li>INFORME DEL MES DE ENERO.<\/li>\n\n\n\n<li>INFORME DEL MES DE FEBRERO.<\/li>\n\n\n\n<li>INFORME DEL MES DE MARZO.<\/li>\n\n\n\n<li>INFORME DEL MES DE ABRIL.<\/li>\n\n\n\n<li>INFORME DEL MES DE MAYO.<\/li>\n\n\n\n<li>INFORME DEL MES DE JUNIO.<\/li>\n\n\n\n<li>INFORME DEL MES DE JULIO.<\/li>\n\n\n\n<li>INFORME DEL MES DE AGOSTO.<\/li>\n\n\n\n<li>INFORME DEL MES DE SEPTIEMBRE.<\/li>\n\n\n\n<li>INFORME DEL MES DE OCTUBRE.<\/li>\n\n\n\n<li>INFORME DEL MES DE NOVIEMBRE.<\/li>\n\n\n\n<li>INFORME DEL MES DE DICIEMBRE.<\/li>\n<\/ul>\n\n\n\n<p>Sra. Lilia Yojana Quiroz Olivo \u2013&nbsp;<strong>VOCAL DE IGUALDAD, GENERO, EDUCACI\u00d3N, CULTURA, SALUD, DEPORTE Y RECREACI\u00d3N DEL GADPR-GF.<\/strong><\/p>\n\n\n\n<ul class=\"wp-block-list\">\n<li>INFORME DEL MES DE ENERO.<\/li>\n\n\n\n<li>INFORME DEL MES DE FEBRERO.<\/li>\n\n\n\n<li>INFORME DEL MES DE MARZO.<\/li>\n\n\n\n<li>INFORME DEL MES DE ABRIL.<\/li>\n\n\n\n<li>INFORME DEL MES DE MAYO.<\/li>\n\n\n\n<li>INFORME DEL MES DE JUNIO.<\/li>\n\n\n\n<li>INFORME DEL MES DE JULIO.<\/li>\n\n\n\n<li>INFORME DEL MES DE AGOSTO.<\/li>\n\n\n\n<li>INFORME DEL MES DE SEPTIEMBRE.<\/li>\n\n\n\n<li>INFORME DEL MES DE OCTUBRE.<\/li>\n\n\n\n<li>INFORME DEL MES DE NOVIEMBRE.<\/li>\n\n\n\n<li>INFORME DEL MES DE DICIEMBRE.<\/li>\n<\/ul>\n\n\n\n<p>Sra. Rosa Mercedes Vergara Esmeraldas \u2013&nbsp;<strong>VOCAL DE PLANIFICACI\u00d3N, PRESUPUESTO, OBRAS P\u00daBLICAS Y ORDENAMIENTO TERRITORIAL DEL GADPR-GF.<\/strong><\/p>\n\n\n\n<ul class=\"wp-block-list\">\n<li>INFORME DEL MES DE ENERO.<\/li>\n\n\n\n<li>INFORME DEL MES DE FEBRERO.<\/li>\n\n\n\n<li>INFORME DEL MES DE MARZO.<\/li>\n\n\n\n<li>INFORME DEL MES DE ABRIL.<\/li>\n\n\n\n<li>INFORME DEL MES DE MAYO.<\/li>\n\n\n\n<li>INFORME DEL MES DE JUNIO.<\/li>\n\n\n\n<li>INFORME DEL MES DE JULIO.<\/li>\n\n\n\n<li>INFORME DEL MES DE AGOSTO.<\/li>\n\n\n\n<li>INFORME DEL MES DE SEPTIEMBRE.<\/li>\n\n\n\n<li>INFORME DEL MES DE OCTUBRE.<\/li>\n\n\n\n<li>INFORME DEL MES DE NOVIEMBRE.<\/li>\n\n\n\n<li>INFORME DEL MES DE DICIEMBRE.<\/li>\n<\/ul>\n\n\n\n<p>Sr. Santos Rigoberto Jumbo Quichimbo&nbsp;\u2013&nbsp;<strong>VOCAL DE TURISMO, ORNATO Y MEDIO AMBIENTE DEL GADPR-GF<\/strong><\/p>\n\n\n\n<ul class=\"wp-block-list\">\n<li><a href=\"https:\/\/drive.google.com\/file\/d\/1Xzwylm3X3PFQT1B3-i1_K-NR2Y3n6c1R\/view?usp=sharing\">INFORME DEL MES DE ENERO.<\/a><\/li>\n\n\n\n<li><a href=\"https:\/\/drive.google.com\/file\/d\/1rYWQ0UwMxWvSYgHsSQmi9aZ82POrXgf8\/view?usp=sharing\">INFORME DEL MES DE FEBRERO.<\/a><\/li>\n\n\n\n<li><a href=\"https:\/\/drive.google.com\/file\/d\/1xmhTp0RIp-dtFztcbb_qp1alHglXBXuJ\/view?usp=sharing\">INFORME DEL MES DE MARZO.<\/a><\/li>\n\n\n\n<li>INFORME DEL MES DE ABRIL.<\/li>\n\n\n\n<li>INFORME DEL MES DE MAYO.<\/li>\n\n\n\n<li>INFORME DEL MES DE JUNIO.<\/li>\n\n\n\n<li>INFORME DEL MES DE JULIO.<\/li>\n\n\n\n<li>INFORME DEL MES DE AGOSTO.<\/li>\n\n\n\n<li>INFORME DEL MES DE SEPTIEMBRE.<\/li>\n\n\n\n<li>INFORME DEL MES DE OCTUBRE.<\/li>\n\n\n\n<li>INFORME DEL MES DE NOVIEMBRE.<\/li>\n\n\n\n<li>INFORME DEL MES DE DICIEMBRE.<\/li>\n<\/ul>\n\n\n\n<p>Ing. Manuel Antonio Mej\u00eda Sabando \u2013&nbsp;<strong>T\u00c9CNICO CIVIL DE OBRAS DEL GAD. PARROQUIAL DE GENERAL FARF\u00c1N<\/strong><\/p>\n\n\n\n<ul class=\"wp-block-list\">\n<li><a href=\"https:\/\/drive.google.com\/file\/d\/17vMq9fjWBU12vD5EgsartWzYcrWDnzIP\/view?usp=sharing\">INFORME DEL MES DE ENERO.<\/a><\/li>\n\n\n\n<li><a href=\"https:\/\/drive.google.com\/file\/d\/1eNK7PFM3DXS9w9UaW3cYdY4cqEn-R5Cq\/view?usp=sharing\">INFORME DEL MES DE FEBRERO.<\/a><\/li>\n\n\n\n<li>INFORME DEL MES DE MARZO.<\/li>\n\n\n\n<li>INFORME DEL MES DE ABRIL.<\/li>\n\n\n\n<li>INFORME DEL MES DE MAYO.<\/li>\n\n\n\n<li>INFORME DEL MES DE JUNIO.<\/li>\n\n\n\n<li>INFORME DEL MES DE JULIO.<\/li>\n\n\n\n<li>INFORME DEL MES DE AGOSTO.<\/li>\n\n\n\n<li>INFORME DEL MES DE SEPTIEMBRE.<\/li>\n\n\n\n<li>INFORME DEL MES DE OCTUBRE.<\/li>\n\n\n\n<li>INFORME DEL MES DE NOVIEMBRE.<\/li>\n\n\n\n<li>INFORME DEL MES DE DICIEMBRE.<\/li>\n<\/ul>\n\n\n\n<p>Ing. Jos\u00e9 Luis Ochoa Machuca \u2013&nbsp;<strong>T\u00c9CNICO DE PLANIFICACI\u00d3N Y PROYECTOS DEL<\/strong>&nbsp;<strong>GAD. PARROQUIAL DE GENERAL FARF\u00c1N<\/strong><\/p>\n\n\n\n<ul class=\"wp-block-list\">\n<li><a href=\"https:\/\/drive.google.com\/file\/d\/1bVHYcUyYdXB0l-Znh4004DwUSVvyngl6\/view?usp=sharing\">INFORME DEL MES DE ENERO.<\/a><\/li>\n\n\n\n<li>INFORME DEL MES DE FEBRERO.<\/li>\n\n\n\n<li>INFORME DEL MES DE MARZO.<\/li>\n\n\n\n<li>INFORME DEL MES DE ABRIL.<\/li>\n\n\n\n<li>INFORME DEL MES DE MAYO.<\/li>\n\n\n\n<li>INFORME DEL MES DE JUNIO.<\/li>\n\n\n\n<li>INFORME DEL MES DE JULIO.<\/li>\n\n\n\n<li>INFORME DEL MES DE AGOSTO.<\/li>\n\n\n\n<li>INFORME DEL MES DE SEPTIEMBRE.<\/li>\n\n\n\n<li>INFORME DEL MES DE OCTUBRE.<\/li>\n\n\n\n<li>INFORME DEL MES DE NOVIEMBRE.<\/li>\n\n\n\n<li>INFORME DEL MES DE DICIEMBRE.<\/li>\n<\/ul>\n\n\n\n<p>Sr. Mar\u00f3n Estalin Solorzano Canchindre \u2013&nbsp;<strong>T\u00c9CNICO EN COMUNICACI\u00d3N DEL GAD. PARROQUIAL DE GENERAL FARF\u00c1N<\/strong><\/p>\n\n\n\n<ul class=\"wp-block-list\">\n<li><a href=\"https:\/\/drive.google.com\/file\/d\/1HCbxlGxofiQvkvk19COtQTkDAsj_dAbP\/view?usp=sharing\">INFORME DEL MES DE ENERO.<\/a><\/li>\n\n\n\n<li><a href=\"https:\/\/drive.google.com\/file\/d\/1VQPmfpMB3AEuc_R7DnZWxlAj2TONiPhu\/view?usp=sharing\">INFORME DEL MES DE FEBRERO.<\/a><\/li>\n\n\n\n<li>INFORME DEL MES DE MARZO.<\/li>\n\n\n\n<li>INFORME DEL MES DE ABRIL.<\/li>\n\n\n\n<li>INFORME DEL MES DE MAYO.<\/li>\n\n\n\n<li>INFORME DEL MES DE JUNIO.<\/li>\n\n\n\n<li>INFORME DEL MES DE JULIO.<\/li>\n\n\n\n<li>INFORME DEL MES DE AGOSTO.<\/li>\n\n\n\n<li>INFORME DEL MES DE SEPTIEMBRE.<\/li>\n\n\n\n<li>INFORME DEL MES DE OCTUBRE.<\/li>\n\n\n\n<li>INFORME DEL MES DE NOVIEMBRE.<\/li>\n\n\n\n<li>INFORME DEL MES DE DICIEMBRE.<\/li>\n<\/ul>\n\n\n\n<p>Sr. Marco Vinicio Naranjo Gaibor \u2013&nbsp;<strong>OPERADOR DE LA EXCAVADORA DEL GAD. PARROQUIAL DE GENERAL FARF\u00c1N<\/strong><\/p>\n\n\n\n<ul class=\"wp-block-list\">\n<li><a href=\"https:\/\/drive.google.com\/file\/d\/1henh2f8CRJRtQMObviZx0qMh_p5Q6OVf\/view?usp=sharing\">INFORME DEL MES DE ENERO.<\/a><\/li>\n\n\n\n<li><a href=\"https:\/\/drive.google.com\/file\/d\/1fgRp41x0I7N4_bCh5G_74QACFEbfhgNm\/view?usp=sharing\">INFORME DEL MES DE FEBRERO.<\/a><\/li>\n\n\n\n<li>INFORME DEL MES DE MARZO.<\/li>\n\n\n\n<li>INFORME DEL MES DE ABRIL.<\/li>\n\n\n\n<li>INFORME DEL MES DE MAYO.<\/li>\n\n\n\n<li>INFORME DEL MES DE JUNIO.<\/li>\n\n\n\n<li>INFORME DEL MES DE JULIO.<\/li>\n\n\n\n<li>INFORME DEL MES DE AGOSTO.<\/li>\n\n\n\n<li>INFORME DEL MES DE SEPTIEMBRE.<\/li>\n\n\n\n<li>INFORME DEL MES DE OCTUBRE.<\/li>\n\n\n\n<li>INFORME DEL MES DE NOVIEMBRE.<\/li>\n\n\n\n<li>INFORME DEL MES DE DICIEMBRE.<\/li>\n<\/ul>\n","protected":false},"excerpt":{"rendered":"<p>ra. Silvia Johanna Puchaicela Garc\u00eda \u2013&nbsp;VOCAL DE PRODUCTIVIDAD, VIALIDAD Y COOPERACI\u00d3N INTERNACIONAL DEL GADPR-GF. Sra. Lilia Yojana Quiroz Olivo \u2013&nbsp;VOCAL DE IGUALDAD, GENERO, EDUCACI\u00d3N, CULTURA, SALUD, DEPORTE Y RECREACI\u00d3N DEL GADPR-GF. Sra. Rosa Mercedes Vergara Esmeraldas \u2013&nbsp;VOCAL DE PLANIFICACI\u00d3N, PRESUPUESTO, OBRAS P\u00daBLICAS Y ORDENAMIENTO TERRITORIAL DEL GADPR-GF. Sr. Santos Rigoberto<\/p>\n","protected":false},"author":1,"featured_media":0,"parent":0,"menu_order":0,"comment_status":"closed","ping_status":"closed","template":"","meta":{"footnotes":""},"class_list":["post-11743","page","type-page","status-publish","hentry"],"jetpack_sharing_enabled":true,"jetpack_shortlink":"https:\/\/wp.me\/P5D1M3-33p","_links":{"self":[{"href":"https:\/\/gadgeneralfarfan.gob.ec\/index.php?rest_route=\/wp\/v2\/pages\/11743","targetHints":{"allow":["GET"]}}],"collection":[{"href":"https:\/\/gadgeneralfarfan.gob.ec\/index.php?rest_route=\/wp\/v2\/pages"}],"about":[{"href":"https:\/\/gadgeneralfarfan.gob.ec\/index.php?rest_route=\/wp\/v2\/types\/page"}],"author":[{"embeddable":true,"href":"https:\/\/gadgeneralfarfan.gob.ec\/index.php?rest_route=\/wp\/v2\/users\/1"}],"replies":[{"embeddable":true,"href":"https:\/\/gadgeneralfarfan.gob.ec\/index.php?rest_route=%2Fwp%2Fv2%2Fcomments&post=11743"}],"version-history":[{"count":8,"href":"https:\/\/gadgeneralfarfan.gob.ec\/index.php?rest_route=\/wp\/v2\/pages\/11743\/revisions"}],"predecessor-version":[{"id":12061,"href":"https:\/\/gadgeneralfarfan.gob.ec\/index.php?rest_route=\/wp\/v2\/pages\/11743\/revisions\/12061"}],"wp:attachment":[{"href":"https:\/\/gadgeneralfarfan.gob.ec\/index.php?rest_route=%2Fwp%2Fv2%2Fmedia&parent=11743"}],"curies":[{"name":"wp","href":"https:\/\/api.w.org\/{rel}","templated":true}]}}